{"id":803,"date":"2017-04-28T21:05:08","date_gmt":"2017-04-29T00:05:08","guid":{"rendered":"http:\/\/triumph.marvinhost.com.br\/?page_id=803"},"modified":"2021-04-05T10:49:29","modified_gmt":"2021-04-05T13:49:29","slug":"gerenciamento-de-eventos","status":"publish","type":"page","link":"https:\/\/triumphsportsmarketing.com\/en\/gerenciamento-de-eventos\/","title":{"rendered":"Event Management"},"content":{"rendered":"<div class=\"wpb-content-wrapper\"><p><div class=\"vc_row wpb_row vc_row-fluid\"><div class=\"wpb_column vc_column_container vc_col-sm-6\"><div class=\"vc_column-inner\"><div class=\"wpb_wrapper\">\n\t<div class=\"wpb_text_column wpb_content_element\" >\n\t\t<div class=\"wpb_wrapper\">\n\t\t\t<p><span id=\"result_box\" class=\"\" lang=\"en\"><span title=\"Na Triumph, consideramos um evento do cliente bem sucedido quando todas as partes envolvidas est\u00e3o satisfeitas com os resultados e prontas para repetir a experi\u00eancia em uma pr\u00f3xima oportunidade.\">At Triumph, we consider a customer event to be successful when all parties involved are satisfied with the results and ready to repeat the experience at a next opportunity. <\/span><span title=\"Com este conceito de sucesso em mente, a Triumph alcan\u00e7ou um alto n\u00edvel em Gerenciamento de Eventos.\">With this concept of success in mind, Triumph has achieved a high level of Event Management. <\/span><span title=\"Um evento bem ocorrido \u00e9 aquele em que tudo parece funcionar de forma autom\u00e1tica.\">A well-attended event is one in which everything seems to work automatically. <\/span><span title=\"Na Triumph, sabemos que o m\u00e1ximo cuidado no Gerenciamento de Eventos \u00e9 fundamental para uma boa rela\u00e7\u00e3o entre cada uma das partes envolvidas. \">At Triumph, we know that the utmost care in Event Management is fundamental to a good relationship between each of the parties involved.<\/span><\/span><\/p>\n<p><span title=\"No campo do Gerenciamento de Eventos, a Triumph possui a habilidade de definir com precis\u00e3o seu desempenho em cada oportunidade.\">In the field of Event Management, Triumph has the ability to accurately define its performance at every opportunity. <\/span><span title=\"Com relacionamentos s\u00f3lidos com ind\u00fastrias, organiza\u00e7\u00e3o do tempo e aten\u00e7\u00e3o a cada detalhe e uma equipe competente, temos todos os requisitos para o perfeito funcionamento de uma equipe de marketing, capaz de organizar eventos de quaisquer tamanho ou dura\u00e7\u00e3o.\">With solid relationships with industries, organization of time and attention to every detail and a competent team, we have all the requirements for the perfect functioning of a marketing team, capable of organizing events of any size or duration. <\/span><span title=\"Algumas tarefas envolvidas no Gerenciamento de Eventos s\u00e3o: \">Some tasks involved in Event Management are:<\/span><\/p>\n<p><span title=\"\u2022 Desenvolvimento do evento \">\u2022 Event development<br \/>\n<\/span><span title=\"\u2022 Busca do melhor local \">\u2022 Search for the best location<br \/>\n<\/span><span title=\"\u2022 Organiza\u00e7\u00e3o de ingressos, transportes, etc. \">\u2022 Organization of tickets, transport, etc.<br \/>\n<\/span><span title=\"\u2022 Recrutamento de equipe capacitada \">\u2022 Recruitment of trained staff<br \/>\n<\/span><span title=\"\u2022 Marketing e promo\u00e7\u00e3o do evento \">\u2022 Marketing and promotion of the event<br \/>\n<\/span><span title=\"\u2022 Atendimento a VIPs e convidados\">\u2022 Attending to VIPs and guests<\/span><\/p>\n\n\t\t<\/div>\n\t<\/div>\n<\/div><\/div><\/div><div class=\"wpb_column vc_column_container vc_col-sm-6\"><div class=\"vc_column-inner\"><div class=\"wpb_wrapper\">\n\t<div  class=\"wpb_single_image wpb_content_element vc_align_left wpb_content_element\">\n\t\t\n\t\t<figure class=\"wpb_wrapper vc_figure\">\n\t\t\t<div class=\"vc_single_image-wrapper vc_box_shadow_3d  vc_box_border_grey\"><img decoding=\"async\" class=\"vc_single_image-img \" src=\"https:\/\/triumphsportsmarketing.com\/wp-content\/uploads\/2015\/01\/services-Stadium-500x400.png\" width=\"500\" height=\"400\" alt=\"services-Stadium\" title=\"services-Stadium\" loading=\"lazy\" \/><\/div>\n\t\t<\/figure>\n\t<\/div>\n<\/div><\/div><\/div><\/div><\/p>\n<\/div>","protected":false},"excerpt":{"rendered":"At Triumph, we consider a customer event to be successful when all parties involved are satisfied with the results and ready to repeat the experience at a next opportunity. With this concept of success in mind, Triumph has achieved a high level of Event Management. A well-attended event is one in which everything seems to [...]","protected":false},"author":1,"featured_media":0,"parent":0,"menu_order":0,"comment_status":"closed","ping_status":"closed","template":"","meta":{"_et_pb_use_builder":"","_et_pb_old_content":"","_et_gb_content_width":"","footnotes":""},"yst_prominent_words":[],"class_list":["post-803","page","type-page","status-publish","hentry"],"_links":{"self":[{"href":"https:\/\/triumphsportsmarketing.com\/en\/wp-json\/wp\/v2\/pages\/803","targetHints":{"allow":["GET"]}}],"collection":[{"href":"https:\/\/triumphsportsmarketing.com\/en\/wp-json\/wp\/v2\/pages"}],"about":[{"href":"https:\/\/triumphsportsmarketing.com\/en\/wp-json\/wp\/v2\/types\/page"}],"author":[{"embeddable":true,"href":"https:\/\/triumphsportsmarketing.com\/en\/wp-json\/wp\/v2\/users\/1"}],"replies":[{"embeddable":true,"href":"https:\/\/triumphsportsmarketing.com\/en\/wp-json\/wp\/v2\/comments?post=803"}],"version-history":[{"count":10,"href":"https:\/\/triumphsportsmarketing.com\/en\/wp-json\/wp\/v2\/pages\/803\/revisions"}],"predecessor-version":[{"id":1264,"href":"https:\/\/triumphsportsmarketing.com\/en\/wp-json\/wp\/v2\/pages\/803\/revisions\/1264"}],"wp:attachment":[{"href":"https:\/\/triumphsportsmarketing.com\/en\/wp-json\/wp\/v2\/media?parent=803"}],"wp:term":[{"taxonomy":"yst_prominent_words","embeddable":true,"href":"https:\/\/triumphsportsmarketing.com\/en\/wp-json\/wp\/v2\/yst_prominent_words?post=803"}],"curies":[{"name":"wp","href":"https:\/\/api.w.org\/{rel}","templated":true}]}}