{"id":805,"date":"2017-04-28T21:05:33","date_gmt":"2017-04-29T00:05:33","guid":{"rendered":"http:\/\/triumph.marvinhost.com.br\/?page_id=805"},"modified":"2021-04-05T10:52:56","modified_gmt":"2021-04-05T13:52:56","slug":"representacao-de-atletas","status":"publish","type":"page","link":"https:\/\/triumphsportsmarketing.com\/en\/representacao-de-atletas\/","title":{"rendered":"Athlete Representation"},"content":{"rendered":"<div class=\"wpb-content-wrapper\"><p><\/p>\n<div class=\"vc_row wpb_row vc_row-fluid\"><div class=\"wpb_column vc_column_container vc_col-sm-12\"><div class=\"vc_column-inner\"><div class=\"wpb_wrapper\">\n\t<div class=\"wpb_text_column wpb_content_element\" >\n\t\t<div class=\"wpb_wrapper\">\n\t\t\t<p>Cada acontecimento dentro do esporte tem algo em comum: os pr\u00f3prios atletas. Mesmo que o atleta fa\u00e7a parte de um esporte coletivo, seja dirigindo um carro, acertando uma bola de golfe ou chutando uma bola de futebol, todo indiv\u00edduo \u00e9 o combust\u00edvel para a paix\u00e3o e o desenvolvimento de seu esporte. Com o sucesso destes jogadores, vem tamb\u00e9m a responsabilidade, que precisa de mantida e completamente preenchida atrav\u00e9s da Representa\u00e7\u00e3o de Atletas.<\/p>\n<p>A <strong>Representa\u00e7\u00e3o de Atletas<\/strong> consiste em uma arte, de transformar o jogador em uma \u201cmarca\u201d e ent\u00e3o gerenciar esta \u201cmarca\u201d, para que seja sempre lucrativa para todos os envolvidos.<\/p>\n<p>A <strong>Representa\u00e7\u00e3o de Atletas<\/strong> \u00e9 uma \u00e1rea que exige a habilidade para gerenciar o relacionamento entre jogador, patrocinadores, clube, eventos (inclusive beneficentes) e outras partes envolvidas. Atrav\u00e9s do equil\u00edbrio exato entre todos os lados, a Triumph consolidou seu relacionamento com diversos atletas, que nos confiaram o gerenciamento destas rela\u00e7\u00f5es.<\/p>\n\n\t\t<\/div>\n\t<\/div>\n<\/div><\/div><\/div><\/div>\n<p><\/p>\n<\/div>","protected":false},"excerpt":{"rendered":"Cada acontecimento dentro do esporte tem algo em comum: os pr\u00f3prios atletas. Mesmo que o atleta fa\u00e7a parte de um esporte coletivo, seja dirigindo um carro, acertando uma bola de golfe ou chutando uma bola de futebol, todo indiv\u00edduo \u00e9 o combust\u00edvel para a paix\u00e3o e o desenvolvimento de seu esporte. Com o sucesso destes [...]","protected":false},"author":1,"featured_media":0,"parent":0,"menu_order":0,"comment_status":"closed","ping_status":"closed","template":"","meta":{"_et_pb_use_builder":"","_et_pb_old_content":"","_et_gb_content_width":"","footnotes":""},"yst_prominent_words":[],"class_list":["post-805","page","type-page","status-publish","hentry"],"_links":{"self":[{"href":"https:\/\/triumphsportsmarketing.com\/en\/wp-json\/wp\/v2\/pages\/805","targetHints":{"allow":["GET"]}}],"collection":[{"href":"https:\/\/triumphsportsmarketing.com\/en\/wp-json\/wp\/v2\/pages"}],"about":[{"href":"https:\/\/triumphsportsmarketing.com\/en\/wp-json\/wp\/v2\/types\/page"}],"author":[{"embeddable":true,"href":"https:\/\/triumphsportsmarketing.com\/en\/wp-json\/wp\/v2\/users\/1"}],"replies":[{"embeddable":true,"href":"https:\/\/triumphsportsmarketing.com\/en\/wp-json\/wp\/v2\/comments?post=805"}],"version-history":[{"count":11,"href":"https:\/\/triumphsportsmarketing.com\/en\/wp-json\/wp\/v2\/pages\/805\/revisions"}],"predecessor-version":[{"id":1759,"href":"https:\/\/triumphsportsmarketing.com\/en\/wp-json\/wp\/v2\/pages\/805\/revisions\/1759"}],"wp:attachment":[{"href":"https:\/\/triumphsportsmarketing.com\/en\/wp-json\/wp\/v2\/media?parent=805"}],"wp:term":[{"taxonomy":"yst_prominent_words","embeddable":true,"href":"https:\/\/triumphsportsmarketing.com\/en\/wp-json\/wp\/v2\/yst_prominent_words?post=805"}],"curies":[{"name":"wp","href":"https:\/\/api.w.org\/{rel}","templated":true}]}}