{"id":807,"date":"2017-04-28T21:05:56","date_gmt":"2017-04-29T00:05:56","guid":{"rendered":"http:\/\/triumph.marvinhost.com.br\/?page_id=807"},"modified":"2021-04-05T10:50:37","modified_gmt":"2021-04-05T13:50:37","slug":"negociacao-com-patrocinadores","status":"publish","type":"page","link":"https:\/\/triumphsportsmarketing.com\/en\/negociacao-com-patrocinadores\/","title":{"rendered":"Sponsorship Procurement"},"content":{"rendered":"<div class=\"wpb-content-wrapper\"><p><div class=\"vc_row wpb_row vc_row-fluid\"><div class=\"wpb_column vc_column_container vc_col-sm-12\"><div class=\"vc_column-inner\"><div class=\"wpb_wrapper\">\n\t<div class=\"wpb_text_column wpb_content_element\" >\n\t\t<div class=\"wpb_wrapper\">\n\t\t\t<p><span id=\"result_box\" class=\"\" lang=\"en\"><span title=\"O patroc\u00ednio a um time, atleta, evento ou localidade \u00e9 uma das formas de relacionamento mais reconhecidas e recompensadas atualmente.\">Sponsoring a team, athlete, event or locality is one of the most recognized and rewarding forms of relationships today. <\/span><span title=\"O patroc\u00ednio \u00e9 geralmente caracterizado como um benef\u00edcio para ambos os lados.\">Sponsorship is generally characterized as a benefit for both sides. <\/span><span title=\"Tradicionalmente, as atividades que as companhias desenvolvem no relacionamento com os patrocinadores s\u00e3o: \">Traditionally, the activities that the companies develop in the relationship with the sponsors are:<\/span><\/span><\/p>\n<p><span title=\"Intang\u00edveis: \">Intangibles:<br \/>\n<\/span><span title=\"\u2022 Valoriza\u00e7\u00e3o da marca \">\u2022 Brand appreciation<br \/>\n<\/span><span title=\"\u2022 Reconhecimento \">\u2022 Recognition<br \/>\n<\/span><span title=\"\u2022 Legitimidade \">\u2022 Legitimacy<br \/>\n<\/span><span title=\"\u2022 Relacionamento com a ind\u00fastria \">\u2022 Relationship with industry<br \/>\n<\/span><span title=\"Tang\u00edveis: \">Tangibles:<br \/>\n<\/span><span title=\"\u2022 Pain\u00e9is \/ sinaliza\u00e7\u00e3o \">\u2022 Panels \/ signage<br \/>\n<\/span><span title=\"\u2022 Ingressos para corridas \">\u2022 Race tickets<br \/>\n<\/span><span title=\"\u2022 Hospitalidade \">\u2022 Hospitality<br \/>\n<\/span><span title=\"\u2022 Inserir logo em carro\/uniforme \">\u2022 Car logo \/ uniform<br \/>\n<\/span><span title=\"\u2022 Apresenta\u00e7\u00f5es \">\u2022 Introductions<\/span><\/p>\n<p><span title=\"Dependendo de cada contrato, o patrocinador recebe os benef\u00edcios citados acima (e muitos outros), enquanto o patrocinado recebe apoio financeiro e a oportunidade de se colocar em uma nova posi\u00e7\u00e3o no mercado atrav\u00e9s do seu patrocinador. \">Depending on each agreement, the sponsor receives the benefits mentioned above (and many others) while the sponsor receives financial support and the opportunity to put himself in a new position in the market through his sponsor.<\/span><\/p>\n<p><span title=\"Com a fun\u00e7\u00e3o de vender patroc\u00ednios, a Triumph tem uma equipe especializada em Negocia\u00e7\u00e3o com Patrocinadores.\">With the function of selling sponsorship, Triumph has a team specialized in Negotiation with Sponsors. <\/span><span title=\"Como aproximadamente 95% dos acordos comerciais ocorrem por causa de relacionamento anteriores entre as partes, entendemos a import\u00e2ncia de acordos j\u00e1 estabelecidos em acordos esportivos.\">As approximately 95% of trade agreements occur because of prior relationships between the parties, we understand the importance of agreements already established in sports agreements. <\/span><span title=\"Acrescentando um excepcional valor \u00e0 Negocia\u00e7\u00e3o com Patrocinadores, estamos prontos para aumentar nossos contatos de neg\u00f3cios para trabalhar por nossos clientes.\">Adding exceptional value to the Deal with Sponsors, we are ready to increase our business contacts to work for our customers.<\/span><\/p>\n<p><img loading=\"lazy\" decoding=\"async\" class=\"alignnone size-full wp-image-1171\" src=\"http:\/\/triumph.marvinhost.com.br\/wp-content\/uploads\/2017\/04\/logos.jpg\" alt=\"\" width=\"327\" height=\"26\" srcset=\"https:\/\/triumphsportsmarketing.com\/wp-content\/uploads\/2017\/04\/logos.jpg 327w, https:\/\/triumphsportsmarketing.com\/wp-content\/uploads\/2017\/04\/logos-300x24.jpg 300w\" sizes=\"auto, (max-width: 327px) 100vw, 327px\" \/><\/p>\n\n\t\t<\/div>\n\t<\/div>\n<\/div><\/div><\/div><\/div><\/p>\n<\/div>","protected":false},"excerpt":{"rendered":"<p>Sorry, this entry is only available in Portugu\u00eas.<\/p>\n","protected":false},"author":1,"featured_media":0,"parent":0,"menu_order":0,"comment_status":"closed","ping_status":"closed","template":"","meta":{"_et_pb_use_builder":"","_et_pb_old_content":"","_et_gb_content_width":"","footnotes":""},"yst_prominent_words":[],"class_list":["post-807","page","type-page","status-publish","hentry"],"_links":{"self":[{"href":"https:\/\/triumphsportsmarketing.com\/en\/wp-json\/wp\/v2\/pages\/807","targetHints":{"allow":["GET"]}}],"collection":[{"href":"https:\/\/triumphsportsmarketing.com\/en\/wp-json\/wp\/v2\/pages"}],"about":[{"href":"https:\/\/triumphsportsmarketing.com\/en\/wp-json\/wp\/v2\/types\/page"}],"author":[{"embeddable":true,"href":"https:\/\/triumphsportsmarketing.com\/en\/wp-json\/wp\/v2\/users\/1"}],"replies":[{"embeddable":true,"href":"https:\/\/triumphsportsmarketing.com\/en\/wp-json\/wp\/v2\/comments?post=807"}],"version-history":[{"count":4,"href":"https:\/\/triumphsportsmarketing.com\/en\/wp-json\/wp\/v2\/pages\/807\/revisions"}],"predecessor-version":[{"id":1257,"href":"https:\/\/triumphsportsmarketing.com\/en\/wp-json\/wp\/v2\/pages\/807\/revisions\/1257"}],"wp:attachment":[{"href":"https:\/\/triumphsportsmarketing.com\/en\/wp-json\/wp\/v2\/media?parent=807"}],"wp:term":[{"taxonomy":"yst_prominent_words","embeddable":true,"href":"https:\/\/triumphsportsmarketing.com\/en\/wp-json\/wp\/v2\/yst_prominent_words?post=807"}],"curies":[{"name":"wp","href":"https:\/\/api.w.org\/{rel}","templated":true}]}}