{"id":809,"date":"2017-04-28T21:06:15","date_gmt":"2017-04-29T00:06:15","guid":{"rendered":"http:\/\/triumph.marvinhost.com.br\/?page_id=809"},"modified":"2021-04-08T10:35:12","modified_gmt":"2021-04-08T13:35:12","slug":"relacoes-publicas","status":"publish","type":"page","link":"https:\/\/triumphsportsmarketing.com\/en\/relacoes-publicas\/","title":{"rendered":"Public relations"},"content":{"rendered":"<div class=\"wpb-content-wrapper\"><p><div class=\"vc_row wpb_row vc_row-fluid\"><div class=\"wpb_column vc_column_container vc_col-sm-6\"><div class=\"vc_column-inner\"><div class=\"wpb_wrapper\">\n\t<div class=\"wpb_text_column wpb_content_element\" >\n\t\t<div class=\"wpb_wrapper\">\n\t\t\t<p><span id=\"result_box\" class=\"\" lang=\"en\"><span title=\"O conhecimento p\u00fablico das a\u00e7\u00f5es de marketing e das iniciativas de uma marca s\u00e3o fundamentais para seus sucessos no mercado.\">Public awareness of marketing actions and brand initiatives are critical to your success in the marketplace. <\/span><span title=\"Como o prest\u00edgio de jogadores, pilotos, equipes e patrocinadores mudam constantemente no esporte, um experiente departamento de Rela\u00e7\u00f5es P\u00fablicas \u00e9, em certos casos, mais importante do que a pr\u00f3pria informa\u00e7\u00e3o divulgada.\">As the prestige of players, riders, teams and sponsors constantly changes in sport, an experienced Public Relations department is in some cases more important than the information itself. <\/span><span title=\"A habilidade para processar e disseminar informa\u00e7\u00e3o para o p\u00fablico (e at\u00e9 para os patrocinadores) \u00e9 crucial para o sucesso de uma campanha. \">The ability to process and disseminate information to the public (and even to sponsors) is crucial to the success of a campaign.<\/span><\/span><\/p>\n<p><span title=\"Para patrocinadores ou s\u00f3cios, a informa\u00e7\u00e3o precisa e pontual ajuda a tomar decis\u00f5es que podem melhorar o relacionamento com aqueles que receberam seus investimentos.\">For sponsors or partners, accurate and timely information helps you make decisions that can improve relationships with those who have received your investments. <\/span><span title=\"Sendo constantemente atualizados sobre a performance do time\/atleta ser\u00e3o sempre lembrados do lucro recebido.\">Being constantly updated on the performance of the team \/ athlete will always be reminded of the profit received. <\/span><span title=\"Para os f\u00e3s do esporte, ter informa\u00e7\u00e3o instant\u00e2nea sobre seu time\/piloto\/atleta favorito \u00e9 de grande valor.\">For sports fans, having instant information about your favorite team \/ rider \/ athlete is of great value. <\/span><span title=\"A cria\u00e7\u00e3o de uma boa rela\u00e7\u00e3o com o torcedor, fazendo dele \u201cparte do time\u201d, com informa\u00e7\u00f5es regularmente atualizadas, pode ser diretamente transformada em crescimento de vendas.\">Creating a good relationship with the supporter by making him a &#8220;part of the team&#8221; with regularly updated information can be directly transformed into sales growth.<\/span><\/p>\n\n\t\t<\/div>\n\t<\/div>\n<\/div><\/div><\/div><div class=\"wpb_column vc_column_container vc_col-sm-6\"><div class=\"vc_column-inner\"><div class=\"wpb_wrapper\">\n\t<div  class=\"wpb_single_image wpb_content_element vc_align_left wpb_content_element\">\n\t\t\n\t\t<figure class=\"wpb_wrapper vc_figure\">\n\t\t\t<div class=\"vc_single_image-wrapper vc_box_outline  vc_box_border_grey\"><img loading=\"lazy\" decoding=\"async\" width=\"315\" height=\"150\" src=\"https:\/\/triumphsportsmarketing.com\/wp-content\/uploads\/2014\/12\/image6400.png\" class=\"vc_single_image-img attachment-full\" alt=\"\" title=\"image6400\" srcset=\"https:\/\/triumphsportsmarketing.com\/wp-content\/uploads\/2014\/12\/image6400.png 315w, https:\/\/triumphsportsmarketing.com\/wp-content\/uploads\/2014\/12\/image6400-300x143.png 300w\" sizes=\"auto, (max-width: 315px) 100vw, 315px\" \/><\/div>\n\t\t<\/figure>\n\t<\/div>\n<\/div><\/div><\/div><\/div><\/p>\n<\/div>","protected":false},"excerpt":{"rendered":"Public awareness of marketing actions and brand initiatives are critical to your success in the marketplace. As the prestige of players, riders, teams and sponsors constantly changes in sport, an experienced Public Relations department is in some cases more important than the information itself. The ability to process and disseminate information to the public (and [...]","protected":false},"author":1,"featured_media":0,"parent":0,"menu_order":0,"comment_status":"closed","ping_status":"closed","template":"","meta":{"_et_pb_use_builder":"","_et_pb_old_content":"","_et_gb_content_width":"","footnotes":""},"yst_prominent_words":[117,157,156],"class_list":["post-809","page","type-page","status-publish","hentry"],"_links":{"self":[{"href":"https:\/\/triumphsportsmarketing.com\/en\/wp-json\/wp\/v2\/pages\/809","targetHints":{"allow":["GET"]}}],"collection":[{"href":"https:\/\/triumphsportsmarketing.com\/en\/wp-json\/wp\/v2\/pages"}],"about":[{"href":"https:\/\/triumphsportsmarketing.com\/en\/wp-json\/wp\/v2\/types\/page"}],"author":[{"embeddable":true,"href":"https:\/\/triumphsportsmarketing.com\/en\/wp-json\/wp\/v2\/users\/1"}],"replies":[{"embeddable":true,"href":"https:\/\/triumphsportsmarketing.com\/en\/wp-json\/wp\/v2\/comments?post=809"}],"version-history":[{"count":7,"href":"https:\/\/triumphsportsmarketing.com\/en\/wp-json\/wp\/v2\/pages\/809\/revisions"}],"predecessor-version":[{"id":1898,"href":"https:\/\/triumphsportsmarketing.com\/en\/wp-json\/wp\/v2\/pages\/809\/revisions\/1898"}],"wp:attachment":[{"href":"https:\/\/triumphsportsmarketing.com\/en\/wp-json\/wp\/v2\/media?parent=809"}],"wp:term":[{"taxonomy":"yst_prominent_words","embeddable":true,"href":"https:\/\/triumphsportsmarketing.com\/en\/wp-json\/wp\/v2\/yst_prominent_words?post=809"}],"curies":[{"name":"wp","href":"https:\/\/api.w.org\/{rel}","templated":true}]}}