{"id":811,"date":"2017-04-28T21:06:44","date_gmt":"2017-04-29T00:06:44","guid":{"rendered":"http:\/\/triumph.marvinhost.com.br\/?page_id=811"},"modified":"2021-04-08T10:34:06","modified_gmt":"2021-04-08T13:34:06","slug":"gereciamento-financeiro","status":"publish","type":"page","link":"https:\/\/triumphsportsmarketing.com\/en\/gereciamento-financeiro\/","title":{"rendered":"Financial Management"},"content":{"rendered":"<div class=\"wpb-content-wrapper\"><p><div class=\"vc_row wpb_row vc_row-fluid\"><div class=\"wpb_column vc_column_container vc_col-sm-12\"><div class=\"vc_column-inner\"><div class=\"wpb_wrapper\">\n\t<div class=\"wpb_text_column wpb_content_element\" >\n\t\t<div class=\"wpb_wrapper\">\n\t\t\t<p><span id=\"result_box\" class=\"\" lang=\"en\"><span title=\"Poucas profiss\u00f5es no mundo s\u00e3o t\u00e3o ligadas com o conceito de \u201climite\u201d.\">Few professions in the world are so bound up with the concept of &#8220;limit.&#8221; <\/span><span title=\"Todos os atletas s\u00e3o sempre obrigados alcan\u00e7ar o seu melhor.\">All athletes are always required to achieve their best. <\/span><span title=\"Esta exig\u00eancia requer um equil\u00edbrio na vida pessoal e emocional. \">This requirement requires a balance in personal and emotional life.<\/span><\/span><\/p>\n<p><span title=\"Assim como devem estar sempre no auge, a situa\u00e7\u00e3o financeira dos atletas tamb\u00e9m \u00e9 geralmente associada a um grande momento, e depois um decl\u00ednio.\">Just as they should always be at their peak, the financial situation of athletes is also usually associated with a great time, and then a decline. <\/span><span title=\"Conseq\u00fcentemente, \u00e9 muito importante alcan\u00e7ar, cada vez mais cedo, meios de financiar sua vida em longo prazo.\">Consequently, it is very important to achieve, at an earlier stage, means of financing your life in the long term. <\/span><span title=\"Planejamento financeiro e gest\u00e3o de riscos n\u00e3o s\u00e3o as atividades preferidas deste grupo, mas ambos s\u00e3o importantes e f\u00e1ceis de alcan\u00e7ar. \">Financial planning and risk management are not the preferred activities of this group, but both are important and easy to reach.<br \/>\n<\/span><span title=\"Servi\u00e7os financeiros \">Financial services<br \/>\n<\/span><span title=\"Talento + Exposi\u00e7\u00e3o = Dinheiro.\">Talent + Exhibition = Money. <\/span><span title=\"Fa\u00e7a seu dinheiro trabalhar para voc\u00ea.\">Make your money work for you. <\/span><span title=\"Assim, voc\u00ea consegue agora todos os seus objetivos na sua carreira e na sua vida pessoal e garante uma base financeira est\u00e1vel para o futuro.\">So you now achieve all your goals in your career and your personal life and ensure a stable financial foundation for the future. <\/span><span title=\"A Triumph Sports Marketing se associou a uma proeminente firma dos Estados Unidos para fornecer aos seus clientes uma total assist\u00eancia em servi\u00e7os financeiros. \">Triumph Sports Marketing has partnered with a prominent US firm to provide its customers with full assistance in financial services.<\/span><\/p>\n<p><span title=\"\u2022 Oportunidades de investimento \">\u2022 Investment opportunities<br \/>\n<\/span><span title=\"\u2022 Gest\u00e3o financeira \">\u2022 Financial management<br \/>\n<\/span><span title=\"\u2022 A\u00e7\u00f5es no mercado imobili\u00e1rio \">\u2022 Shares in the real estate market<br \/>\n<\/span><span title=\"\u2022 Planos de aposentadoria\">\u2022 Retirement plans<\/span><\/p>\n\n\t\t<\/div>\n\t<\/div>\n<\/div><\/div><\/div><\/div><\/p>\n<\/div>","protected":false},"excerpt":{"rendered":"Few professions in the world are so bound up with the concept of \"limit.\" All athletes are always required to achieve their best. This requirement requires a balance in personal and emotional life. Just as they should always be at their peak, the financial situation of athletes is also usually associated with a great time, [...]","protected":false},"author":1,"featured_media":0,"parent":0,"menu_order":0,"comment_status":"closed","ping_status":"closed","template":"","meta":{"_et_pb_use_builder":"","_et_pb_old_content":"","_et_gb_content_width":"","footnotes":""},"yst_prominent_words":[118],"class_list":["post-811","page","type-page","status-publish","hentry"],"_links":{"self":[{"href":"https:\/\/triumphsportsmarketing.com\/en\/wp-json\/wp\/v2\/pages\/811","targetHints":{"allow":["GET"]}}],"collection":[{"href":"https:\/\/triumphsportsmarketing.com\/en\/wp-json\/wp\/v2\/pages"}],"about":[{"href":"https:\/\/triumphsportsmarketing.com\/en\/wp-json\/wp\/v2\/types\/page"}],"author":[{"embeddable":true,"href":"https:\/\/triumphsportsmarketing.com\/en\/wp-json\/wp\/v2\/users\/1"}],"replies":[{"embeddable":true,"href":"https:\/\/triumphsportsmarketing.com\/en\/wp-json\/wp\/v2\/comments?post=811"}],"version-history":[{"count":4,"href":"https:\/\/triumphsportsmarketing.com\/en\/wp-json\/wp\/v2\/pages\/811\/revisions"}],"predecessor-version":[{"id":1897,"href":"https:\/\/triumphsportsmarketing.com\/en\/wp-json\/wp\/v2\/pages\/811\/revisions\/1897"}],"wp:attachment":[{"href":"https:\/\/triumphsportsmarketing.com\/en\/wp-json\/wp\/v2\/media?parent=811"}],"wp:term":[{"taxonomy":"yst_prominent_words","embeddable":true,"href":"https:\/\/triumphsportsmarketing.com\/en\/wp-json\/wp\/v2\/yst_prominent_words?post=811"}],"curies":[{"name":"wp","href":"https:\/\/api.w.org\/{rel}","templated":true}]}}