{"id":803,"date":"2017-04-28T21:05:08","date_gmt":"2017-04-29T00:05:08","guid":{"rendered":"http:\/\/triumph.marvinhost.com.br\/?page_id=803"},"modified":"2021-04-05T10:49:29","modified_gmt":"2021-04-05T13:49:29","slug":"gerenciamento-de-eventos","status":"publish","type":"page","link":"https:\/\/triumphsportsmarketing.com\/es\/gerenciamento-de-eventos\/","title":{"rendered":"Organizaci\u00f3n de Eventos"},"content":{"rendered":"<div class=\"wpb-content-wrapper\"><p><div class=\"vc_row wpb_row vc_row-fluid\"><div class=\"wpb_column vc_column_container vc_col-sm-6\"><div class=\"vc_column-inner\"><div class=\"wpb_wrapper\">\n\t<div class=\"wpb_text_column wpb_content_element\" >\n\t\t<div class=\"wpb_wrapper\">\n\t\t\t<p><span id=\"result_box\" class=\"\" lang=\"es\"><span title=\"Na Triumph, consideramos um evento do cliente bem sucedido quando todas as partes envolvidas est\u00e3o satisfeitas com os resultados e prontas para repetir a experi\u00eancia em uma pr\u00f3xima oportunidade.\">En Triumph, consideramos un evento del cliente exitoso cuando todas las partes involucradas est\u00e1n satisfechas con los resultados y listas para repetir la experiencia en una pr\u00f3xima oportunidad. <\/span><span title=\"Com este conceito de sucesso em mente, a Triumph alcan\u00e7ou um alto n\u00edvel em Gerenciamento de Eventos.\">Con este concepto de \u00e9xito en mente, Triumph alcanz\u00f3 un alto nivel en Gesti\u00f3n de Eventos. <\/span><span title=\"Um evento bem ocorrido \u00e9 aquele em que tudo parece funcionar de forma autom\u00e1tica.\">Un evento bien ocurrido es aquel en que todo parece funcionar de forma autom\u00e1tica. <\/span><span title=\"Na Triumph, sabemos que o m\u00e1ximo cuidado no Gerenciamento de Eventos \u00e9 fundamental para uma boa rela\u00e7\u00e3o entre cada uma das partes envolvidas. \">En Triumph, sabemos que el m\u00e1ximo cuidado en la Gesti\u00f3n de Eventos es fundamental para una buena relaci\u00f3n entre cada una de las partes involucradas.<\/span><\/span><\/p>\n<p><span title=\"No campo do Gerenciamento de Eventos, a Triumph possui a habilidade de definir com precis\u00e3o seu desempenho em cada oportunidade.\">En el campo de Gesti\u00f3n de eventos, Triumph tiene la habilidad de definir con precisi\u00f3n su rendimiento en cada oportunidad. <\/span><span title=\"Com relacionamentos s\u00f3lidos com ind\u00fastrias, organiza\u00e7\u00e3o do tempo e aten\u00e7\u00e3o a cada detalhe e uma equipe competente, temos todos os requisitos para o perfeito funcionamento de uma equipe de marketing, capaz de organizar eventos de quaisquer tamanho ou dura\u00e7\u00e3o.\">Con relaciones s\u00f3lidas con industrias, organizaci\u00f3n del tiempo y atenci\u00f3n a cada detalle y un equipo competente, tenemos todos los requisitos para el perfecto funcionamiento de un equipo de marketing, capaz de organizar eventos de cualquier tama\u00f1o o duraci\u00f3n. <\/span><span title=\"Algumas tarefas envolvidas no Gerenciamento de Eventos s\u00e3o: \">Algunas tareas involucradas en la gesti\u00f3n de eventos son:<\/span><\/p>\n<p><span title=\"\u2022 Desenvolvimento do evento \">\u2022 Desarrollo del evento<br \/>\n<\/span><span title=\"\u2022 Busca do melhor local \">\u2022 B\u00fasqueda de la mejor ubicaci\u00f3n<br \/>\n<\/span><span title=\"\u2022 Organiza\u00e7\u00e3o de ingressos, transportes, etc. \">\u2022 Organizaci\u00f3n de ingresos, transportes, etc.<br \/>\n<\/span><span title=\"\u2022 Recrutamento de equipe capacitada \">\u2022 Reclutamiento de equipo capacitado<br \/>\n<\/span><span title=\"\u2022 Marketing e promo\u00e7\u00e3o do evento \">\u2022 Marketing y promoci\u00f3n del evento<br \/>\n<\/span><span title=\"\u2022 Atendimento a VIPs e convidados\">\u2022 Atenci\u00f3n a VIPs e invitados<\/span><\/p>\n\n\t\t<\/div>\n\t<\/div>\n<\/div><\/div><\/div><div class=\"wpb_column vc_column_container vc_col-sm-6\"><div class=\"vc_column-inner\"><div class=\"wpb_wrapper\">\n\t<div  class=\"wpb_single_image wpb_content_element vc_align_left wpb_content_element\">\n\t\t\n\t\t<figure class=\"wpb_wrapper vc_figure\">\n\t\t\t<div class=\"vc_single_image-wrapper vc_box_shadow_3d  vc_box_border_grey\"><img decoding=\"async\" class=\"vc_single_image-img \" src=\"https:\/\/triumphsportsmarketing.com\/wp-content\/uploads\/2015\/01\/services-Stadium-500x400.png\" width=\"500\" height=\"400\" alt=\"services-Stadium\" title=\"services-Stadium\" loading=\"lazy\" \/><\/div>\n\t\t<\/figure>\n\t<\/div>\n<\/div><\/div><\/div><\/div><\/p>\n<\/div>","protected":false},"excerpt":{"rendered":"En Triumph, consideramos un evento del cliente exitoso cuando todas las partes involucradas est\u00e1n satisfechas con los resultados y listas para repetir la experiencia en una pr\u00f3xima oportunidad. Con este concepto de \u00e9xito en mente, Triumph alcanz\u00f3 un alto nivel en Gesti\u00f3n de Eventos. Un evento bien ocurrido es aquel en que todo parece funcionar [...]","protected":false},"author":1,"featured_media":0,"parent":0,"menu_order":0,"comment_status":"closed","ping_status":"closed","template":"","meta":{"_et_pb_use_builder":"","_et_pb_old_content":"","_et_gb_content_width":"","footnotes":""},"yst_prominent_words":[],"class_list":["post-803","page","type-page","status-publish","hentry"],"_links":{"self":[{"href":"https:\/\/triumphsportsmarketing.com\/es\/wp-json\/wp\/v2\/pages\/803","targetHints":{"allow":["GET"]}}],"collection":[{"href":"https:\/\/triumphsportsmarketing.com\/es\/wp-json\/wp\/v2\/pages"}],"about":[{"href":"https:\/\/triumphsportsmarketing.com\/es\/wp-json\/wp\/v2\/types\/page"}],"author":[{"embeddable":true,"href":"https:\/\/triumphsportsmarketing.com\/es\/wp-json\/wp\/v2\/users\/1"}],"replies":[{"embeddable":true,"href":"https:\/\/triumphsportsmarketing.com\/es\/wp-json\/wp\/v2\/comments?post=803"}],"version-history":[{"count":10,"href":"https:\/\/triumphsportsmarketing.com\/es\/wp-json\/wp\/v2\/pages\/803\/revisions"}],"predecessor-version":[{"id":1264,"href":"https:\/\/triumphsportsmarketing.com\/es\/wp-json\/wp\/v2\/pages\/803\/revisions\/1264"}],"wp:attachment":[{"href":"https:\/\/triumphsportsmarketing.com\/es\/wp-json\/wp\/v2\/media?parent=803"}],"wp:term":[{"taxonomy":"yst_prominent_words","embeddable":true,"href":"https:\/\/triumphsportsmarketing.com\/es\/wp-json\/wp\/v2\/yst_prominent_words?post=803"}],"curies":[{"name":"wp","href":"https:\/\/api.w.org\/{rel}","templated":true}]}}