{"id":807,"date":"2017-04-28T21:05:56","date_gmt":"2017-04-29T00:05:56","guid":{"rendered":"http:\/\/triumph.marvinhost.com.br\/?page_id=807"},"modified":"2021-04-05T10:50:37","modified_gmt":"2021-04-05T13:50:37","slug":"negociacao-com-patrocinadores","status":"publish","type":"page","link":"https:\/\/triumphsportsmarketing.com\/es\/negociacao-com-patrocinadores\/","title":{"rendered":"Negociaci\u00f3n con Patrocinadores"},"content":{"rendered":"<div class=\"wpb-content-wrapper\"><p><div class=\"vc_row wpb_row vc_row-fluid\"><div class=\"wpb_column vc_column_container vc_col-sm-12\"><div class=\"vc_column-inner\"><div class=\"wpb_wrapper\">\n\t<div class=\"wpb_text_column wpb_content_element\" >\n\t\t<div class=\"wpb_wrapper\">\n\t\t\t<p><span id=\"result_box\" class=\"\" lang=\"es\"><span title=\"O patroc\u00ednio a um time, atleta, evento ou localidade \u00e9 uma das formas de relacionamento mais reconhecidas e recompensadas atualmente.\">El patrocinio a un equipo, atleta, evento o localidad es una de las formas de relaci\u00f3n m\u00e1s reconocidas y recompensadas actualmente. <\/span><span title=\"O patroc\u00ednio \u00e9 geralmente caracterizado como um benef\u00edcio para ambos os lados.\">El patrocinio se suele caracterizar como un beneficio para ambos lados. <\/span><span title=\"Tradicionalmente, as atividades que as companhias desenvolvem no relacionamento com os patrocinadores s\u00e3o: \">Tradicionalmente, las actividades que las compa\u00f1\u00edas desarrollan en la relaci\u00f3n con los patrocinadores son:<\/span><\/span><\/p>\n<p><span title=\"Intang\u00edveis: \">Intangibles:<br \/>\n<\/span><span title=\"\u2022 Valoriza\u00e7\u00e3o da marca \">\u2022 Valorizaci\u00f3n de la marca<br \/>\n<\/span><span title=\"\u2022 Reconhecimento \">\u2022 Reconocimiento<br \/>\n<\/span><span title=\"\u2022 Legitimidade \">\u2022 Legitimidad<br \/>\n<\/span><span title=\"\u2022 Relacionamento com a ind\u00fastria \">\u2022 Relaci\u00f3n con la industria<br \/>\n<\/span><span title=\"Tang\u00edveis: \">Tales:<br \/>\n<\/span><span title=\"\u2022 Pain\u00e9is \/ sinaliza\u00e7\u00e3o \">\u2022 Paneles \/ se\u00f1alizaci\u00f3n<br \/>\n<\/span><span title=\"\u2022 Ingressos para corridas \">\u2022 Entradas para carreras<br \/>\n<\/span><span title=\"\u2022 Hospitalidade \">\u2022 Hospitalidad<br \/>\n<\/span><span title=\"\u2022 Inserir logo em carro\/uniforme \">\u2022 Insertar en carro \/ uniforme<br \/>\n<\/span><span title=\"\u2022 Apresenta\u00e7\u00f5es \">\u2022 Presentaciones<\/span><\/p>\n<p><span title=\"Dependendo de cada contrato, o patrocinador recebe os benef\u00edcios citados acima (e muitos outros), enquanto o patrocinado recebe apoio financeiro e a oportunidade de se colocar em uma nova posi\u00e7\u00e3o no mercado atrav\u00e9s do seu patrocinador. \">Dependiendo de cada contrato, el patrocinador recibe los beneficios citados anteriormente (y muchos otros), mientras que el patrocinado recibe apoyo financiero y la oportunidad de ponerse en una nueva posici\u00f3n en el mercado a trav\u00e9s de su patrocinador.<\/span><\/p>\n<p><span title=\"Com a fun\u00e7\u00e3o de vender patroc\u00ednios, a Triumph tem uma equipe especializada em Negocia\u00e7\u00e3o com Patrocinadores.\">Con la funci\u00f3n de vender patrocinios, Triumph tiene un equipo especializado en Negociaci\u00f3n con Patrocinadores. <\/span><span title=\"Como aproximadamente 95% dos acordos comerciais ocorrem por causa de relacionamento anteriores entre as partes, entendemos a import\u00e2ncia de acordos j\u00e1 estabelecidos em acordos esportivos.\">Como aproximadamente el 95% de los acuerdos comerciales ocurren a causa de relaciones anteriores entre las partes, entendemos la importancia de acuerdos ya establecidos en acuerdos deportivos. <\/span><span title=\"Acrescentando um excepcional valor \u00e0 Negocia\u00e7\u00e3o com Patrocinadores, estamos prontos para aumentar nossos contatos de neg\u00f3cios para trabalhar por nossos clientes.\">Al agregar un valor excepcional a la Negociaci\u00f3n con Patrocinadores, estamos listos para aumentar nuestros contactos de negocios para trabajar por nuestros clientes.<\/span><\/p>\n<p>&nbsp;<\/p>\n<p><img loading=\"lazy\" decoding=\"async\" class=\"alignnone size-full wp-image-1171\" src=\"http:\/\/triumph.marvinhost.com.br\/wp-content\/uploads\/2017\/04\/logos.jpg\" alt=\"\" width=\"327\" height=\"26\" srcset=\"https:\/\/triumphsportsmarketing.com\/wp-content\/uploads\/2017\/04\/logos.jpg 327w, https:\/\/triumphsportsmarketing.com\/wp-content\/uploads\/2017\/04\/logos-300x24.jpg 300w\" sizes=\"auto, (max-width: 327px) 100vw, 327px\" \/><\/p>\n\n\t\t<\/div>\n\t<\/div>\n<\/div><\/div><\/div><\/div><\/p>\n<\/div>","protected":false},"excerpt":{"rendered":"<p>Disculpa, pero esta entrada est\u00e1 disponible s\u00f3lo en Portugu\u00eas.<\/p>\n","protected":false},"author":1,"featured_media":0,"parent":0,"menu_order":0,"comment_status":"closed","ping_status":"closed","template":"","meta":{"_et_pb_use_builder":"","_et_pb_old_content":"","_et_gb_content_width":"","footnotes":""},"yst_prominent_words":[],"class_list":["post-807","page","type-page","status-publish","hentry"],"_links":{"self":[{"href":"https:\/\/triumphsportsmarketing.com\/es\/wp-json\/wp\/v2\/pages\/807","targetHints":{"allow":["GET"]}}],"collection":[{"href":"https:\/\/triumphsportsmarketing.com\/es\/wp-json\/wp\/v2\/pages"}],"about":[{"href":"https:\/\/triumphsportsmarketing.com\/es\/wp-json\/wp\/v2\/types\/page"}],"author":[{"embeddable":true,"href":"https:\/\/triumphsportsmarketing.com\/es\/wp-json\/wp\/v2\/users\/1"}],"replies":[{"embeddable":true,"href":"https:\/\/triumphsportsmarketing.com\/es\/wp-json\/wp\/v2\/comments?post=807"}],"version-history":[{"count":4,"href":"https:\/\/triumphsportsmarketing.com\/es\/wp-json\/wp\/v2\/pages\/807\/revisions"}],"predecessor-version":[{"id":1257,"href":"https:\/\/triumphsportsmarketing.com\/es\/wp-json\/wp\/v2\/pages\/807\/revisions\/1257"}],"wp:attachment":[{"href":"https:\/\/triumphsportsmarketing.com\/es\/wp-json\/wp\/v2\/media?parent=807"}],"wp:term":[{"taxonomy":"yst_prominent_words","embeddable":true,"href":"https:\/\/triumphsportsmarketing.com\/es\/wp-json\/wp\/v2\/yst_prominent_words?post=807"}],"curies":[{"name":"wp","href":"https:\/\/api.w.org\/{rel}","templated":true}]}}