{"id":809,"date":"2017-04-28T21:06:15","date_gmt":"2017-04-29T00:06:15","guid":{"rendered":"http:\/\/triumph.marvinhost.com.br\/?page_id=809"},"modified":"2021-04-08T10:35:12","modified_gmt":"2021-04-08T13:35:12","slug":"relacoes-publicas","status":"publish","type":"page","link":"https:\/\/triumphsportsmarketing.com\/es\/relacoes-publicas\/","title":{"rendered":"Relaciones p\u00fablicas"},"content":{"rendered":"<div class=\"wpb-content-wrapper\"><p><div class=\"vc_row wpb_row vc_row-fluid\"><div class=\"wpb_column vc_column_container vc_col-sm-6\"><div class=\"vc_column-inner\"><div class=\"wpb_wrapper\">\n\t<div class=\"wpb_text_column wpb_content_element\" >\n\t\t<div class=\"wpb_wrapper\">\n\t\t\t<p>Las acciones de marketing deportivo, el manejo de redes sociales junto con las activaciones de una marca son fundamentales para acompa\u00f1ar la carrera de los deportistas. Cuando aumenta el prestigio de jugadores, pilotos, equipos, los patrocinadores cambian constantemente de estrategias. Un experimentado departamento de Relaciones P\u00fablicas es fundamental para comunicar, acercar y divulgar las acciones con los patrocinantes. La habilidad para procesar y comunicar la informaci\u00f3n de nuestros atletas hacia el p\u00fablico (y hasta para los patrocinadores) es crucial para el \u00e9xito de una campa\u00f1a.<\/p>\n<p>Para los aficionados al deporte, tener informaci\u00f3n instant\u00e1nea sobre su equipo \/ piloto \/ atleta favorito es de gran valor. La creaci\u00f3n de una buena relaci\u00f3n con el hincha, haci\u00e9ndolo \u00abparte del equipo\u00bb, con informaci\u00f3n regularmente actualizada, puede ser directamente transformada en crecimiento de ventas.<\/p>\n\n\t\t<\/div>\n\t<\/div>\n<\/div><\/div><\/div><div class=\"wpb_column vc_column_container vc_col-sm-6\"><div class=\"vc_column-inner\"><div class=\"wpb_wrapper\">\n\t<div  class=\"wpb_single_image wpb_content_element vc_align_left wpb_content_element\">\n\t\t\n\t\t<figure class=\"wpb_wrapper vc_figure\">\n\t\t\t<div class=\"vc_single_image-wrapper vc_box_outline  vc_box_border_grey\"><img loading=\"lazy\" decoding=\"async\" width=\"315\" height=\"150\" src=\"https:\/\/triumphsportsmarketing.com\/wp-content\/uploads\/2014\/12\/image6400.png\" class=\"vc_single_image-img attachment-full\" alt=\"\" title=\"image6400\" srcset=\"https:\/\/triumphsportsmarketing.com\/wp-content\/uploads\/2014\/12\/image6400.png 315w, https:\/\/triumphsportsmarketing.com\/wp-content\/uploads\/2014\/12\/image6400-300x143.png 300w\" sizes=\"auto, (max-width: 315px) 100vw, 315px\" \/><\/div>\n\t\t<\/figure>\n\t<\/div>\n<\/div><\/div><\/div><\/div><\/p>\n<\/div>","protected":false},"excerpt":{"rendered":"Las acciones de marketing deportivo, el manejo de redes sociales junto con las activaciones de una marca son fundamentales para acompa\u00f1ar la carrera de los deportistas. Cuando aumenta el prestigio de jugadores, pilotos, equipos, los patrocinadores cambian constantemente de estrategias. Un experimentado departamento de Relaciones P\u00fablicas es fundamental para comunicar, acercar y divulgar las acciones [...]","protected":false},"author":1,"featured_media":0,"parent":0,"menu_order":0,"comment_status":"closed","ping_status":"closed","template":"","meta":{"_et_pb_use_builder":"","_et_pb_old_content":"","_et_gb_content_width":"","footnotes":""},"yst_prominent_words":[117,157,156],"class_list":["post-809","page","type-page","status-publish","hentry"],"_links":{"self":[{"href":"https:\/\/triumphsportsmarketing.com\/es\/wp-json\/wp\/v2\/pages\/809","targetHints":{"allow":["GET"]}}],"collection":[{"href":"https:\/\/triumphsportsmarketing.com\/es\/wp-json\/wp\/v2\/pages"}],"about":[{"href":"https:\/\/triumphsportsmarketing.com\/es\/wp-json\/wp\/v2\/types\/page"}],"author":[{"embeddable":true,"href":"https:\/\/triumphsportsmarketing.com\/es\/wp-json\/wp\/v2\/users\/1"}],"replies":[{"embeddable":true,"href":"https:\/\/triumphsportsmarketing.com\/es\/wp-json\/wp\/v2\/comments?post=809"}],"version-history":[{"count":7,"href":"https:\/\/triumphsportsmarketing.com\/es\/wp-json\/wp\/v2\/pages\/809\/revisions"}],"predecessor-version":[{"id":1898,"href":"https:\/\/triumphsportsmarketing.com\/es\/wp-json\/wp\/v2\/pages\/809\/revisions\/1898"}],"wp:attachment":[{"href":"https:\/\/triumphsportsmarketing.com\/es\/wp-json\/wp\/v2\/media?parent=809"}],"wp:term":[{"taxonomy":"yst_prominent_words","embeddable":true,"href":"https:\/\/triumphsportsmarketing.com\/es\/wp-json\/wp\/v2\/yst_prominent_words?post=809"}],"curies":[{"name":"wp","href":"https:\/\/api.w.org\/{rel}","templated":true}]}}