{"id":811,"date":"2017-04-28T21:06:44","date_gmt":"2017-04-29T00:06:44","guid":{"rendered":"http:\/\/triumph.marvinhost.com.br\/?page_id=811"},"modified":"2021-04-08T10:34:06","modified_gmt":"2021-04-08T13:34:06","slug":"gereciamento-financeiro","status":"publish","type":"page","link":"https:\/\/triumphsportsmarketing.com\/es\/gereciamento-financeiro\/","title":{"rendered":"Gesti\u00f3n Financiera"},"content":{"rendered":"<div class=\"wpb-content-wrapper\"><p><div class=\"vc_row wpb_row vc_row-fluid\"><div class=\"wpb_column vc_column_container vc_col-sm-12\"><div class=\"vc_column-inner\"><div class=\"wpb_wrapper\">\n\t<div class=\"wpb_text_column wpb_content_element\" >\n\t\t<div class=\"wpb_wrapper\">\n\t\t\t<p>Pocas profesiones en el mundo est\u00e1n tan ligadas al concepto de \u00abdinero = saber como manejarlo\u00bb. Todos los atletas siempre est\u00e1n obligados a lograr lo mejor de s\u00ed mismos. Este requisito requiere un equilibrio en la vida personal, financiera y emocional.<\/p>\n<p>La vida del deportista suele ser cambiante y la situaci\u00f3n econ\u00f3mica de los mismos tambi\u00e9n suele estar asociada a estos cambios. En consecuencia, es muy importante lograr, en una etapa m\u00e1s temprana, medios para financiar su vida a largo plazo. La planificaci\u00f3n financiera y la gesti\u00f3n de riesgos de las carreras de los deportistas son actividades que esta agencia tiene muy en cuenta ya que ambas son importantes durante el resto de la vida del mismo.<br \/>\nServicios financieros<br \/>\nTalento + Exposici\u00f3n = Dinero. Haga que su dinero trabaje para usted. De esta forma lograr\u00e1 todos sus objetivos en durante su carrera y posterior a la misma, as\u00ed como en su vida personal, asegurando una base financiera estable para el futuro. Triumph Sports Marketing se ha asociado con una destacada firma estadounidense para brindar a sus clientes asistencia completa en servicios financieros.<\/p>\n<p>\u2022 Oportunidades de inversion<br \/>\n\u2022 Gesti\u00f3n financiera<br \/>\n\u2022 Acciones en el mercado inmobiliario<br \/>\n\u2022 Plan de retiro<\/p>\n\n\t\t<\/div>\n\t<\/div>\n<\/div><\/div><\/div><\/div><\/p>\n<\/div>","protected":false},"excerpt":{"rendered":"Pocas profesiones en el mundo est\u00e1n tan ligadas al concepto de \"dinero = saber como manejarlo\". Todos los atletas siempre est\u00e1n obligados a lograr lo mejor de s\u00ed mismos. Este requisito requiere un equilibrio en la vida personal, financiera y emocional. La vida del deportista suele ser cambiante y la situaci\u00f3n econ\u00f3mica de los mismos [...]","protected":false},"author":1,"featured_media":0,"parent":0,"menu_order":0,"comment_status":"closed","ping_status":"closed","template":"","meta":{"_et_pb_use_builder":"","_et_pb_old_content":"","_et_gb_content_width":"","footnotes":""},"yst_prominent_words":[118],"class_list":["post-811","page","type-page","status-publish","hentry"],"_links":{"self":[{"href":"https:\/\/triumphsportsmarketing.com\/es\/wp-json\/wp\/v2\/pages\/811","targetHints":{"allow":["GET"]}}],"collection":[{"href":"https:\/\/triumphsportsmarketing.com\/es\/wp-json\/wp\/v2\/pages"}],"about":[{"href":"https:\/\/triumphsportsmarketing.com\/es\/wp-json\/wp\/v2\/types\/page"}],"author":[{"embeddable":true,"href":"https:\/\/triumphsportsmarketing.com\/es\/wp-json\/wp\/v2\/users\/1"}],"replies":[{"embeddable":true,"href":"https:\/\/triumphsportsmarketing.com\/es\/wp-json\/wp\/v2\/comments?post=811"}],"version-history":[{"count":4,"href":"https:\/\/triumphsportsmarketing.com\/es\/wp-json\/wp\/v2\/pages\/811\/revisions"}],"predecessor-version":[{"id":1897,"href":"https:\/\/triumphsportsmarketing.com\/es\/wp-json\/wp\/v2\/pages\/811\/revisions\/1897"}],"wp:attachment":[{"href":"https:\/\/triumphsportsmarketing.com\/es\/wp-json\/wp\/v2\/media?parent=811"}],"wp:term":[{"taxonomy":"yst_prominent_words","embeddable":true,"href":"https:\/\/triumphsportsmarketing.com\/es\/wp-json\/wp\/v2\/yst_prominent_words?post=811"}],"curies":[{"name":"wp","href":"https:\/\/api.w.org\/{rel}","templated":true}]}}